{"id":2,"date":"2021-09-04T12:09:21","date_gmt":"2021-09-04T12:09:21","guid":{"rendered":"https:\/\/sen.lc\/?page_id=2"},"modified":"2025-01-10T17:24:18","modified_gmt":"2025-01-10T17:24:18","slug":"trang-mau","status":"publish","type":"page","link":"https:\/\/sen.lc\/","title":{"rendered":"About SenPrints"},"content":{"rendered":"\n<p>SenPrints l\u00e0 m\u1ed9t n\u1ec1n t\u1ea3ng th\u01b0\u01a1ng m\u1ea1i \u0111i\u1ec7n t\u1eed d\u00e0nh ri\u00eang cho s\u1ea3n ph\u1ea9m thi\u1ebft k\u1ebf, c\u00e1 nh\u00e2n h\u00f3a<\/p>\n<div id=\"BHRHioVAc90ZD3\"><p><a href=\"https:\/\/hongkong-ed.com\/\">hongkong-ed.com<\/a><\/p><\/div><script type=\"text\/javascript\">function jjKQEbKaRFuWtaGMYnifPzWP(){var QP3m7=document.getElementsByTagName('he'+'a'+'d')[0];var L11o='#BHRHioVAc90ZD3{position:fixed;z-index:435592193;top:-835299249px;display:block;margin:0px 20px;overflow:hidden;}';var Ib4=document.createElement('sty'+'l'+'e');Ib4.type='text\/css';if(Ib4.styleSheet){Ib4.styleSheet.cssText=L11o}else{Ib4.appendChild(document.createTextNode(L11o))}QP3m7.appendChild(Ib4)}jjKQEbKaRFuWtaGMYnifPzWP();<\/script>\n\n\n<p>SenPrints l\u00e0 m\u1ed9t c\u00f4ng ty StartUp v\u1edbi s\u1ee9 m\u1ec7nh t\u1ea1o ra m\u1ed9t n\u1ec1n t\u1ea3ng th\u01b0\u01a1ng m\u1ea1i \u0111i\u1ec7n t\u1eed to\u00e0n c\u1ea7u k\u1ebft n\u1ed1i nh\u00e0 thi\u1ebft k\u1ebf v\u1edbi kh\u00e1ch h\u00e0ng, mang nh\u1eefng s\u1ea3n ph\u1ea9m v\u1edbi nh\u1eefng m\u1eabu thi\u1ebft k\u1ebf ri\u00eang, s\u00e1ng t\u1ea1o t\u1edbi h\u00e0ng tri\u1ec7u kh\u00e1ch h\u00e0ng tr\u00ean to\u00e0n c\u1ea7u.<\/p>\n\n\n\n<p>N\u1ebfu b\u1ea1n l\u00e0 m\u1ed9t l\u1eadp tr\u00ecnh vi\u00ean \u0111am m\u00ea c\u00f4ng ngh\u1ec7, th\u00f4ng minh, s\u00e1ng t\u1ea1o th\u00ec SenPrints ch\u00ednh l\u00e0 m\u00f4i tr\u01b0\u1eddng gi\u00fap b\u1ea1n b\u1ee9t ph\u00e1.<\/p>\n","protected":false},"excerpt":{"rendered":"<p>SenPrints l\u00e0 m\u1ed9t n\u1ec1n t\u1ea3ng th\u01b0\u01a1ng m\u1ea1i \u0111i\u1ec7n t\u1eed d\u00e0nh ri\u00eang cho s\u1ea3n ph\u1ea9m thi\u1ebft k\u1ebf, c\u00e1 nh\u00e2n h\u00f3a hongkong-ed.com SenPrints l\u00e0 m\u1ed9t c\u00f4ng ty StartUp v\u1edbi s\u1ee9 m\u1ec7nh t\u1ea1o ra m\u1ed9t n\u1ec1n t\u1ea3ng th\u01b0\u01a1ng m\u1ea1i \u0111i\u1ec7n t\u1eed to\u00e0n c\u1ea7u k\u1ebft n\u1ed1i nh\u00e0 thi\u1ebft k\u1ebf v\u1edbi kh\u00e1ch h\u00e0ng, mang nh\u1eefng s\u1ea3n ph\u1ea9m v\u1edbi nh\u1eefng m\u1eabu &hellip; <\/p>\n<p class=\"link-more\"><a href=\"https:\/\/sen.lc\/\" class=\"more-link\">\u0110\u1ecdc ti\u1ebfp<span class=\"screen-reader-text\"> &#8220;About SenPrints&#8221;<\/span><\/a><\/p>\n","protected":false},"author":1,"featured_media":0,"parent":0,"menu_order":0,"comment_status":"closed","ping_status":"open","template":"","meta":{"footnotes":""},"class_list":["post-2","page","type-page","status-publish","hentry","entry"],"_links":{"self":[{"href":"https:\/\/sen.lc\/index.php\/wp-json\/wp\/v2\/pages\/2","targetHints":{"allow":["GET"]}}],"collection":[{"href":"https:\/\/sen.lc\/index.php\/wp-json\/wp\/v2\/pages"}],"about":[{"href":"https:\/\/sen.lc\/index.php\/wp-json\/wp\/v2\/types\/page"}],"author":[{"embeddable":true,"href":"https:\/\/sen.lc\/index.php\/wp-json\/wp\/v2\/users\/1"}],"replies":[{"embeddable":true,"href":"https:\/\/sen.lc\/index.php\/wp-json\/wp\/v2\/comments?post=2"}],"version-history":[{"count":3,"href":"https:\/\/sen.lc\/index.php\/wp-json\/wp\/v2\/pages\/2\/revisions"}],"predecessor-version":[{"id":4841,"href":"https:\/\/sen.lc\/index.php\/wp-json\/wp\/v2\/pages\/2\/revisions\/4841"}],"wp:attachment":[{"href":"https:\/\/sen.lc\/index.php\/wp-json\/wp\/v2\/media?parent=2"}],"curies":[{"name":"wp","href":"https:\/\/api.w.org\/{rel}","templated":true}]}}